{"id":435,"date":"2018-04-23T19:12:27","date_gmt":"2018-04-23T19:12:27","guid":{"rendered":"http:\/\/erik.hr\/ec-wordpress\/?page_id=435"},"modified":"2018-04-29T14:53:32","modified_gmt":"2018-04-29T12:53:32","slug":"naslovna","status":"publish","type":"page","link":"https:\/\/erik.hr\/","title":{"rendered":"Naslovna"},"content":{"rendered":"<p><em><strong>Tvrtka ERIK COMPANY d.o.o. se bavi proizvodnjom elektri\u010dnih grija\u010da za primjenu u svim granama gospodarstva, uslu\u017enim djelatnostima kao i u doma\u0107instvu.<\/strong><\/em><\/p>\n<p><strong>Me\u0111u ostalim izra\u0111ujemo:<\/strong><\/p>\n<p><strong> Cijevne grija\u010de za grijanje raznih teku\u0107ina<\/strong><br \/>\n<strong> Cijevne grija\u010de za grijanje zraka<\/strong><br \/>\n<strong> Pojasne grija\u010de strojeva za preradu plastike<\/strong><br \/>\n<strong> Kerami\u010dke obuhvatne grija\u010de<\/strong><br \/>\n<strong> Plo\u010daste grija\u010de za razne namjene i alate<\/strong><br \/>\n<strong> \u0160tapne (patron) grija\u010de za razne namjene u ko\u0161uljici od mesinga ili crnih cijevi<\/strong><br \/>\n<strong> Grija\u010de za primjenu u protueksplozivnoj za\u0161titi<\/strong><br \/>\n<strong> Kompletne kanalne baterije grija\u010da za zagrijavanje zraka u ventilacijskim kanalima<\/strong><\/p>\n<p><strong>Grija\u010de elemente izra\u0111ujemo od visoko legiranih cijevi koje osiguravaju dugi vijek trajanja i kod rada u agresivnim teku\u0107inama i vodi sa visokim postotkom kamenca.<\/strong><\/p>\n<p><strong>Neke od na\u0161ih mnogobrojnih proizvoda mo\u017eete vidjeti na stranici <a href=\"http:\/\/erik.hr\/ec-wordpress\/?page_id=35\">PROIZVODI<\/a>.<\/strong><\/p>\n","protected":false},"excerpt":{"rendered":"<p>Tvrtka ERIK COMPANY d.o.o. se bavi proizvodnjom elektri\u010dnih grija\u010da za primjenu u svim granama gospodarstva, uslu\u017enim djelatnostima kao i u doma\u0107instvu. Me\u0111u ostalim izra\u0111ujemo: Cijevne grija\u010de za grijanje raznih teku\u0107ina Cijevne grija\u010de za grijanje zraka Pojasne grija\u010de strojeva za preradu plastike Kerami\u010dke obuhvatne grija\u010de Plo\u010daste grija\u010de za razne namjene i &hellip;<\/p>\n","protected":false},"author":2,"featured_media":0,"parent":0,"menu_order":0,"comment_status":"closed","ping_status":"closed","template":"","meta":{"footnotes":""},"class_list":["post-435","page","type-page","status-publish","hentry"],"_links":{"self":[{"href":"https:\/\/erik.hr\/index.php?rest_route=\/wp\/v2\/pages\/435","targetHints":{"allow":["GET"]}}],"collection":[{"href":"https:\/\/erik.hr\/index.php?rest_route=\/wp\/v2\/pages"}],"about":[{"href":"https:\/\/erik.hr\/index.php?rest_route=\/wp\/v2\/types\/page"}],"author":[{"embeddable":true,"href":"https:\/\/erik.hr\/index.php?rest_route=\/wp\/v2\/users\/2"}],"replies":[{"embeddable":true,"href":"https:\/\/erik.hr\/index.php?rest_route=%2Fwp%2Fv2%2Fcomments&post=435"}],"version-history":[{"count":0,"href":"https:\/\/erik.hr\/index.php?rest_route=\/wp\/v2\/pages\/435\/revisions"}],"wp:attachment":[{"href":"https:\/\/erik.hr\/index.php?rest_route=%2Fwp%2Fv2%2Fmedia&parent=435"}],"curies":[{"name":"wp","href":"https:\/\/api.w.org\/{rel}","templated":true}]}}