{"id":20,"date":"2018-04-02T14:13:30","date_gmt":"2018-04-02T14:13:30","guid":{"rendered":"http:\/\/erik.hr\/ec-wordpress\/?page_id=20"},"modified":"2018-04-23T18:41:52","modified_gmt":"2018-04-23T18:41:52","slug":"reference","status":"publish","type":"page","link":"https:\/\/erik.hr\/?page_id=20","title":{"rendered":"Reference"},"content":{"rendered":"<div style=\"width: 30%; padding: 0 10px 0 0; float: left;\">AD PLASTIK d.d.<br \/>\nAL-COR d.o.o.<br \/>\nALPRO-ATT d.o.o.<br \/>\nAQUAFILCRO d.o.o.<br \/>\nARMATOR PROJEKT d.o.o.<br \/>\nASK d.o.o.<br \/>\nBATIS d.o.o.<br \/>\nBERMES UGOSTITELJSTVO d.o.o.<br \/>\nBETON LU\u010cKO d.o.o.<br \/>\nBIROTERM d.o.o.<br \/>\nBOROVO d.d.<br \/>\nBOSIO ZAGREB d.o.o.<br \/>\nBRODOGRADILI\u0160TE I MARINA BETINA d.o.o.<br \/>\nBRODOSPAS SPLIT d.d.<br \/>\nCarrier K\u00e4ltetechnik Austria Ges.m.b.H.<br \/>\nCEMEX DALMACIJACEMENT d .d.<br \/>\n\u010cAKOVE\u010cKI MLINOVI d.o.o.<br \/>\nDIV d.o.o.<br \/>\nDONIT SPLIT d.o.o.<br \/>\nDRVOSTIL d.o.o.<br \/>\nDUBRAVICA d.d.<br \/>\nDURATA d.o.o.<br \/>\nDURO-METAL<br \/>\nEGIS ROAD OPERATION CROATIA d.o.o.<br \/>\nEKOVENT d.o.o.<br \/>\nEL-ZAP d.o.o.<br \/>\nELEKTRODA ZAGREB d.d.<br \/>\nELIT d.o.o.<br \/>\nELKA KABELI d.o.o.<br \/>\nELTRA MG d.o.o.<br \/>\nENERGO-TEHNA d.o.o.<br \/>\nESA ELECTRONIC d.o.o.<br \/>\nESPLANADE OLEANDER d.o.o.<br \/>\nEXTEH d.o.o.<br \/>\nFED d.o.o.<br \/>\nFENIKS &#8211; ZAGREB d.o.o.<\/div>\n<div style=\"width: 30%; padding: 0 10px 0 0; float: left;\">FEROIMPEX AUTOMOBILSKA TEHNIKA d.o.o.<br \/>\nFEROTEHNA d.o.o.<br \/>\nFRIGOMOTORS d.o.o.GENEZA HOTELI d.o.o.<br \/>\nGRAFIKA d.o.o.<br \/>\nGUMIS d.o.o.<br \/>\nHELIOS FAROS d.d.<br \/>\nHEP d.d. DP ELEKTRA ZAGREB<br \/>\nHIDRIS IN\u017dENJERING d.o.o.<br \/>\nHOTEL DUBROVNIK PALACE d.o.o.<br \/>\nHS PRODUKT d.o.o.<br \/>\nINDUSTROOPREMA d.o.o.<br \/>\nINKERPOR d.o.o.<br \/>\nJACQUARD d.o.o.<br \/>\nJET SET AIRLINES d.o.o.<br \/>\nKDS OBRT<br \/>\nKLIMATEHNIKA d.o.o.<br \/>\nKLIMATERM d.o.o.<br \/>\nKLINIKA ZA ORTOPEDIJU LOVRAN<br \/>\nKON\u010cAR &#8211; Distributivni i specijalni transformatori d.d.<br \/>\nKON\u010cAR &#8211; Energetika i usluge d.o.o.<br \/>\nKON\u010cAR &#8211; Generatori i motori d.d.<br \/>\nKON\u010cAR-ELEKTRI\u010cNI VISOKONAPONSKI APARATI d.d.<br \/>\nKORDUN ALATI d.o.o.<br \/>\nLANAC d.o.o.<br \/>\nLAVACO d.o.o.<br \/>\nLI\u010cANKA PROIZVODNJA PI\u0106A<br \/>\nLUKA DUBROVNIK d.d.<br \/>\nM &#8211; FRIGO SERVIS<br \/>\nM.O. IZMJENJIVA\u010cI d.o.o.<br \/>\nMAGDI\u0106 MARINE d.o.o.<br \/>\nMARINA HRAMINA d.o.o.<br \/>\nMARIN-EXPERT d.o.o.<br \/>\nMARUS &#8211; ATM d.o.o.<br \/>\nMESNICE BORO\u0160AK<\/div>\n<div style=\"width: 30%; padding: 0 10px 0 0; float: right;\">MESSER CROATIA PLIN d.o.o.<br \/>\nMETAL &#8211; ELEKTRO d.d.<br \/>\nMETRO Cash &amp; Carry d.o.o.<br \/>\nMIAB d.o.o.<br \/>\nMIKROSERVIS d.o.o.<br \/>\nMODEL PAKIRANJA d.d.<br \/>\nMONARIS d.o.o.<br \/>\nMPD TVORNICA PUMPI d.d.<br \/>\nMRAZ d.o.o.<br \/>\nNANOKARBON d.o.o.<br \/>\nNCH CROATIA d.o.o.<br \/>\nNCP &#8211; GRUPA d.o.o.<br \/>\nNCP &#8211; REMONTNO BRODOGRADILI\u0160TE \u0160IBENIK d.o.o.<br \/>\nNIKRA ZG d.o.o.<br \/>\nPIVOVARA I PIVNICA MEDVEDGRAD<br \/>\nPRO AUTOMATIKA d.o.o.<br \/>\nRADO\u0160EVI\u0106 d.o.o.<br \/>\nSILA d.o.o.<br \/>\nSTROJOPROMET &#8211; ZAGREB d.o.o.<br \/>\nSUN\u010cANI HVAR d.d.<br \/>\nTEHNOGUMA d.o.o.<br \/>\nTISKARSKA TEHNIKA d.o.o.<br \/>\nTRADICIONALNA HRANA d.o.o.<br \/>\nTRGOSTIL d.d.<br \/>\nTVIN d.o.o.<br \/>\nV.I.N.D. d.o.o.<br \/>\nVENTILATOR KLIMA TEHNIKA d.o.o.<br \/>\nVIKTOR LENAC d.d.<br \/>\nVJESNIK d.d.<br \/>\nZADAR COLOR d.o.o.<br \/>\nZAGORSKI VODOVOD ZABOK d.o.o.<br \/>\nZAGREBA\u010cKI HOLDING d.o.o.<br \/>\nZAPRE\u0160I\u010cANKA d.o.o.<br \/>\nZRAKOPLOVNO-TEHNI\u010cKI CENTAR d.d.<br \/>\n\u017dEPOH d.o.o.<\/div>\n<div style=\"\u201dclear: both;\"><\/div>\n","protected":false},"excerpt":{"rendered":"<p>AD PLASTIK d.d. AL-COR d.o.o. ALPRO-ATT d.o.o. AQUAFILCRO d.o.o. ARMATOR PROJEKT d.o.o. ASK d.o.o. BATIS d.o.o. BERMES UGOSTITELJSTVO d.o.o. BETON LU\u010cKO d.o.o. BIROTERM d.o.o. BOROVO d.d. BOSIO ZAGREB d.o.o. BRODOGRADILI\u0160TE I MARINA BETINA d.o.o. BRODOSPAS SPLIT d.d. Carrier K\u00e4ltetechnik Austria Ges.m.b.H. CEMEX DALMACIJACEMENT d .d. \u010cAKOVE\u010cKI MLINOVI d.o.o. DIV d.o.o. &hellip;<\/p>\n","protected":false},"author":2,"featured_media":0,"parent":0,"menu_order":0,"comment_status":"closed","ping_status":"closed","template":"","meta":{"footnotes":""},"class_list":["post-20","page","type-page","status-publish","hentry"],"_links":{"self":[{"href":"https:\/\/erik.hr\/index.php?rest_route=\/wp\/v2\/pages\/20","targetHints":{"allow":["GET"]}}],"collection":[{"href":"https:\/\/erik.hr\/index.php?rest_route=\/wp\/v2\/pages"}],"about":[{"href":"https:\/\/erik.hr\/index.php?rest_route=\/wp\/v2\/types\/page"}],"author":[{"embeddable":true,"href":"https:\/\/erik.hr\/index.php?rest_route=\/wp\/v2\/users\/2"}],"replies":[{"embeddable":true,"href":"https:\/\/erik.hr\/index.php?rest_route=%2Fwp%2Fv2%2Fcomments&post=20"}],"version-history":[{"count":0,"href":"https:\/\/erik.hr\/index.php?rest_route=\/wp\/v2\/pages\/20\/revisions"}],"wp:attachment":[{"href":"https:\/\/erik.hr\/index.php?rest_route=%2Fwp%2Fv2%2Fmedia&parent=20"}],"curies":[{"name":"wp","href":"https:\/\/api.w.org\/{rel}","templated":true}]}}